{"id":14,"date":"2023-07-10T17:07:41","date_gmt":"2023-07-10T15:07:41","guid":{"rendered":"https:\/\/studienanfaenger-hagen.de\/?page_id=14"},"modified":"2026-01-11T11:07:19","modified_gmt":"2026-01-11T10:07:19","slug":"home","status":"publish","type":"page","link":"https:\/\/studienanfaenger-hagen.de\/","title":{"rendered":"Home"},"content":{"rendered":"<p>[et_pb_section fb_built=&#8220;1&#8243; disabled_on=&#8220;off|off|off&#8220; admin_label=&#8220;Start&#8220; _builder_version=&#8220;4.25.2&#8243; _module_preset=&#8220;default&#8220; use_background_color_gradient=&#8220;on&#8220; background_color_gradient_direction=&#8220;340deg&#8220; background_color_gradient_stops=&#8220;#0c71c3 50%|#575756 50%&#8220; background_image=&#8220;https:\/\/studienanfaenger-hagen.de\/wp-content\/uploads\/2024\/05\/Wappen-grau10.png&#8220; background_size=&#8220;contain&#8220; background_blend=&#8220;darken&#8220; custom_margin=&#8220;||-15px|||&#8220; custom_padding=&#8220;6px||42px|||&#8220; global_colors_info=&#8220;{}&#8220;][et_pb_row _builder_version=&#8220;4.23.1&#8243; _module_preset=&#8220;default&#8220; width=&#8220;60%&#8220; width_tablet=&#8220;90%&#8220; width_phone=&#8220;100%&#8220; width_last_edited=&#8220;on|phone&#8220; max_width=&#8220;100%&#8220; module_alignment=&#8220;center&#8220; global_colors_info=&#8220;{}&#8220;][et_pb_column type=&#8220;4_4&#8243; _builder_version=&#8220;4.22.1&#8243; _module_preset=&#8220;default&#8220; global_colors_info=&#8220;{}&#8220;][et_pb_image src=&#8220;https:\/\/studienanfaenger-hagen.de\/wp-content\/uploads\/2024\/08\/Wappen_Saxonia-text-weiss.png&#8220; title_text=&#8220;Wappen_Saxonia-text-weiss&#8220; align=&#8220;center&#8220; _builder_version=&#8220;4.27.0&#8243; _module_preset=&#8220;default&#8220; width=&#8220;15%&#8220; width_tablet=&#8220;25%&#8220; width_phone=&#8220;50%&#8220; width_last_edited=&#8220;on|phone&#8220; module_alignment=&#8220;center&#8220; display_conditions=&#8220;W3siaWQiOiJiMmYzZGVmYi00MmM0LTRjNzQtYmEwNC1hNzIxZWU1NWQxODciLCJjb25kaXRpb24iOiJkYXRlVGltZSIsImNvbmRpdGlvblNldHRpbmdzIjp7ImRpc3BsYXlSdWxlIjoiaXNBZnRlciIsImRhdGUiOiIyMDIzLTEyLTE2IiwidGltZSI6IjE5OjU5Iiwid2Vla2RheXMiOiJ8IiwiYWxsRGF5Ijoib24iLCJmcm9tVGltZSI6IjAwOjAwIiwidW50aWxUaW1lIjoiMDA6MDAiLCJyZXBlYXQiOiJvZmYiLCJyZXBlYXRGcmVxdWVuY3kiOiJtb250aGx5IiwicmVwZWF0RnJlcXVlbmN5U3BlY2lmaWNEYXlzIjoid2Vla2x5IiwicmVwZWF0RW5kIjoibmV2ZXIiLCJyZXBlYXRVbnRpbERhdGUiOiIyMDIzLTEyLTE1IiwicmVwZWF0VGltZXMiOiIzIiwiYWRtaW5MYWJlbCI6IlRlcm1pbnplaXQiLCJlbmFibGVDb25kaXRpb24iOiJvZmYifSwib3BlcmF0b3IiOiJPUiJ9XQ==&#8220; custom_margin=&#8220;|489px||||&#8220; global_colors_info=&#8220;{}&#8220;][\/et_pb_image][\/et_pb_column][\/et_pb_row][et_pb_row _builder_version=&#8220;4.23.1&#8243; _module_preset=&#8220;default&#8220; custom_padding=&#8220;||13px|||&#8220; global_colors_info=&#8220;{}&#8220;][et_pb_column type=&#8220;4_4&#8243; _builder_version=&#8220;4.23.1&#8243; _module_preset=&#8220;default&#8220; global_colors_info=&#8220;{}&#8220;][et_pb_text _builder_version=&#8220;4.25.1&#8243; _module_preset=&#8220;default&#8220; text_font=&#8220;|700|||||||&#8220; text_font_size=&#8220;16px&#8220; header_font=&#8220;Bebas Neue|||on|||||&#8220; header_font_size=&#8220;60px&#8220; header_line_height=&#8220;1.1em&#8220; custom_margin=&#8220;||4px|||&#8220; header_font_size_tablet=&#8220;60px&#8220; header_font_size_phone=&#8220;32px&#8220; header_font_size_last_edited=&#8220;on|phone&#8220; global_colors_info=&#8220;{}&#8220;]<\/p>\n<h1 style=\"text-align: center;\">Technische Verbindung<br \/>Saxonia Hagen<\/h1>\n<p style=\"text-align: center;\">Seit 1910 aktiv an den Hochschulstandorten in Hagen und Umgebung<\/p>\n<p>[\/et_pb_text][\/et_pb_column][\/et_pb_row][et_pb_row _builder_version=&#8220;4.24.2&#8243; _module_preset=&#8220;default&#8220; custom_padding=&#8220;11px||0px|||&#8220; global_colors_info=&#8220;{}&#8220;][et_pb_column type=&#8220;4_4&#8243; _builder_version=&#8220;4.24.2&#8243; _module_preset=&#8220;default&#8220; global_colors_info=&#8220;{}&#8220;][et_pb_image src=&#8220;https:\/\/studienanfaenger-hagen.de\/wp-content\/uploads\/2024\/05\/we-want-you-web01.png&#8220; title_text=&#8220;we-want-you-web01&#8243; align=&#8220;center&#8220; _builder_version=&#8220;4.25.2&#8243; _module_preset=&#8220;default&#8220; width=&#8220;60%&#8220; width_tablet=&#8220;60%&#8220; width_phone=&#8220;100%&#8220; width_last_edited=&#8220;on|phone&#8220; global_colors_info=&#8220;{}&#8220;][\/et_pb_image][\/et_pb_column][\/et_pb_row][et_pb_row _builder_version=&#8220;4.25.1&#8243; _module_preset=&#8220;default&#8220; global_colors_info=&#8220;{}&#8220;][et_pb_column type=&#8220;4_4&#8243; _builder_version=&#8220;4.25.1&#8243; _module_preset=&#8220;default&#8220; global_colors_info=&#8220;{}&#8220;][et_pb_accordion toggle_icon=&#8220;&#x3b;||divi||400&#8243; _builder_version=&#8220;4.25.2&#8243; _module_preset=&#8220;default&#8220; body_font=&#8220;|600|||||||&#8220; custom_margin=&#8220;35px|||||&#8220; border_color_all=&#8220;#FFFFFF&#8220; text_shadow_style=&#8220;preset3&#8243; global_colors_info=&#8220;{}&#8220;][et_pb_accordion_item title=&#8220;Die TV Saxonia ist&#8220; open=&#8220;on&#8220; open_toggle_background_color=&#8220;#0C71C3&#8243; closed_toggle_background_color=&#8220;#0C71C3&#8243; icon_color=&#8220;#FFFFFF&#8220; toggle_icon=&#8220;&#x3b;||divi||400&#8243; use_icon_font_size=&#8220;on&#8220; icon_font_size=&#8220;30px&#8220; _builder_version=&#8220;4.25.2&#8243; _module_preset=&#8220;default&#8220; box_shadow_style=&#8220;preset3&#8243; box_shadow_spread=&#8220;6px&#8220; global_colors_info=&#8220;{}&#8220; toggle_text_color=&#8220;#FFFFFF&#8220; toggle_level=&#8220;h1&#8243; toggle_font=&#8220;Bebas Neue||||||||&#8220; toggle_font_size=&#8220;50px&#8220; toggle_font_size_tablet=&#8220;50px&#8220; toggle_font_size_phone=&#8220;30px&#8220; toggle_font_size_last_edited=&#8220;on|desktop&#8220;]<\/p>\n<ul>\n<li>eine farbentragende, nicht schlagende Studentenverbindung<\/li>\n<li>parteipolitisch neutral und konfessionell ungebunden<\/li>\n<li>ein Freundeskreis von Studenten und Absolventen verschiedenster Fachbereiche und Semester<\/li>\n<li>ein eingetragener Verein mit Mitgliedern aus allen Generationen, die vom Studium bis ins hohe Alter miteinander in Verbindung bleiben.<\/li>\n<\/ul>\n<p>Aktive sowie angehende Studenten sind herzlich eingeladen, uns kennenzulernen.<\/p>\n<p>Besucht uns zu den im Semesterprogramm aufgef\u00fchrten Veranstaltungen oder nehmt \u00fcber die Adressen dieser Webseite Kontakt zu uns auf.<\/p>\n<p>[\/et_pb_accordion_item][et_pb_accordion_item title=&#8220;Wer wir sind&#8220; open_toggle_background_color=&#8220;#0C71C3&#8243; closed_toggle_background_color=&#8220;#0C71C3&#8243; icon_color=&#8220;#FFFFFF&#8220; toggle_icon=&#8220;&#x3b;||divi||400&#8243; use_icon_font_size=&#8220;on&#8220; icon_font_size=&#8220;30px&#8220; _builder_version=&#8220;4.25.2&#8243; _module_preset=&#8220;default&#8220; box_shadow_style=&#8220;preset3&#8243; box_shadow_spread=&#8220;6px&#8220; global_colors_info=&#8220;{}&#8220; toggle_text_color=&#8220;#FFFFFF&#8220; toggle_level=&#8220;h1&#8243; toggle_font=&#8220;Bebas Neue||||||||&#8220; toggle_font_size=&#8220;50px&#8220; toggle_font_size_tablet=&#8220;50px&#8220; toggle_font_size_phone=&#8220;30px&#8220; toggle_font_size_last_edited=&#8220;on|phone&#8220; open=&#8220;off&#8220;]<\/p>\n<p>Die Technische Verbindung Saxonia ist seit \u00fcber 100 Jahren ein Freundeskreis von Studenten und Absolventen der<br \/>FH S\u00fcdwestfalen, bzw. ihrer Vorg\u00e4ngerlehranstalten.<\/p>\n<p>Wir sind davon \u00fcberzeugt, dass unsere zeitlosen Ziele:<\/p>\n<p>\u2022 Freundschaft<br \/>\u2022 Pers\u00f6nlichkeitsentwicklung<br \/>\u2022 Weiterbildung<\/p>\n<p>gerade heutzutage aktueller denn je sind.<\/p>\n<p>Wenn diese Ziele auch bei Dir hoch im Kurs stehen, dann bist Du bei Uns richtig.<br \/>Denn nur miteinander k\u00f6nnen wir unsere Erfolgsgeschichte auch in Zukunft weiter gestalten.<\/p>\n<p>In gemeinsamen Freizeitaktivit\u00e4ten verbinden wir unsere Ziele in freundschaftlicher und offener Art miteinander, unterst\u00fctzen uns gegenseitig und bieten jungen Studenten Raum zum \u00fcben.<\/p>\n<p>[\/et_pb_accordion_item][et_pb_accordion_item title=&#8220;T.V. Saxonia: Der Booster f\u00fcr Deine Karriere&#8220; open_toggle_background_color=&#8220;#0C71C3&#8243; closed_toggle_background_color=&#8220;#0C71C3&#8243; icon_color=&#8220;#FFFFFF&#8220; toggle_icon=&#8220;&#x3b;||divi||400&#8243; use_icon_font_size=&#8220;on&#8220; icon_font_size=&#8220;30px&#8220; _builder_version=&#8220;4.25.2&#8243; _module_preset=&#8220;default&#8220; box_shadow_style=&#8220;preset3&#8243; box_shadow_spread=&#8220;6px&#8220; global_colors_info=&#8220;{}&#8220; toggle_text_color=&#8220;#FFFFFF&#8220; toggle_level=&#8220;h1&#8243; toggle_font=&#8220;Bebas Neue||||||||&#8220; toggle_font_size=&#8220;50px&#8220; toggle_font_size_tablet=&#8220;50px&#8220; toggle_font_size_phone=&#8220;30px&#8220; toggle_font_size_last_edited=&#8220;on|phone&#8220; open=&#8220;off&#8220;]<\/p>\n<p>Neben den zuvor genannten Zielen ist Networking in unserer Verbindung seit \u00fcber 100 Jahren gelebte Realit\u00e4t, denn hier<\/p>\n<ul>\n<li>tauschen wir uns pers\u00f6nlich und fachlich zu unterschiedlichsten Themen aus<\/li>\n<li>finden wir Mitglieder, die uns auch w\u00e4hrend des Studiums wertvolle Informationen und damit Vorteile verschaffen<\/li>\n<li>bieten wir jungen Studenten die Plattform zur pers\u00f6nlichen Entwicklung, eine \u201eSandbox\u201c, f\u00fcr die im sp\u00e4teren Job oft kein Platz mehr ist<\/li>\n<li>lernen wir Manager in unterschiedlichen Branchen und Ebenen kennen, die uns den Eintritt in das Berufsleben vereinfachen<\/li>\n<\/ul>\n<p>[\/et_pb_accordion_item][\/et_pb_accordion][\/et_pb_column][\/et_pb_row][\/et_pb_section][et_pb_section fb_built=&#8220;1&#8243; _builder_version=&#8220;4.25.2&#8243; _module_preset=&#8220;default&#8220; custom_padding=&#8220;||6px||false|false&#8220; top_divider_style=&#8220;slant&#8220; top_divider_color=&#8220;#0C71C3&#8243; top_divider_height_tablet=&#8220;55px&#8220; top_divider_height_phone=&#8220;20px&#8220; top_divider_height_last_edited=&#8220;on|tablet&#8220; bottom_divider_style=&#8220;slant&#8220; bottom_divider_color=&#8220;RGBA(255,255,255,0)&#8220; global_colors_info=&#8220;{}&#8220;][et_pb_row _builder_version=&#8220;4.25.2&#8243; _module_preset=&#8220;default&#8220; custom_padding=&#8220;||13px|6px||&#8220; global_colors_info=&#8220;{}&#8220;][et_pb_column type=&#8220;4_4&#8243; _builder_version=&#8220;4.25.2&#8243; _module_preset=&#8220;default&#8220; global_colors_info=&#8220;{}&#8220;][et_pb_text _builder_version=&#8220;4.25.2&#8243; _module_preset=&#8220;default&#8220; text_text_color=&#8220;#0C71C3&#8243; text_font_size=&#8220;18px&#8220; text_line_height=&#8220;1.8em&#8220; header_font=&#8220;&#8211;et_global_body_font|700|||||||&#8220; header_text_color=&#8220;#0C71C3&#8243; global_colors_info=&#8220;{}&#8220; custom_padding=&#8220;|||10px||&#8220;]<\/p>\n<p data-start=\"640\" data-end=\"959\">\n<h1 style=\"-qt-block-indent: 0; text-indent: 0px; margin: 0px;\">WIR ZIEHEN UM!<\/h1>\n<p><b>Kurz erkl\u00e4rt: Was ist gerade los?<\/b><\/p>\n<p data-start=\"133\" data-end=\"297\">Normalerweise finden bei uns w\u00e4hrend des Semesters regelm\u00e4\u00dfig Veranstaltungen statt, bei denen man uns ganz entspannt kennenlernen kann \u2013 ganz ohne Verpflichtungen.<\/p>\n<p data-start=\"299\" data-end=\"613\">In diesem Semester l\u00e4uft es allerdings etwas anders: Wir stehen mitten in einem Umzug. Und wer schon einmal umgezogen ist, wei\u00df, dass dabei Zeit, Nerven und Organisation draufgehen. Damit wir danach wieder richtig durchstarten k\u00f6nnen, haben wir uns entschieden, in diesem Semester keine Veranstaltungen anzubieten.<\/p>\n<p><strong>\ud83d\udc49 Trotzdem neugierig?<\/strong><\/p>\n<p data-start=\"640\" data-end=\"959\">Wenn Du trotzdem Interesse an unserer Studentenverbindung hast oder einfach mal wissen willst, wer wir sind und was wir machen, melde Dich gerne bei uns. \u00dcber die Kontaktm\u00f6glichkeit auf dieser Seite erreichst Du uns direkt, und wir halten Dich nat\u00fcrlich auch \u00fcber kommende Termine und Veranstaltungen auf dem Laufenden.<\/p>\n<p data-start=\"961\" data-end=\"1036\">Wir freuen uns, von Dir zu h\u00f6ren \u2013 und Dich bald pers\u00f6nlich kennenzulernen!<\/p>\n<p><span>\ud83d\udc49<\/span><span> <\/span><b>Melde Dich an! (siehe unten)<\/b><\/p>\n<p style=\"-qt-block-indent: 0; text-indent: 0px; margin: 0px;\">\n<p>[\/et_pb_text][\/et_pb_column][\/et_pb_row][\/et_pb_section][et_pb_section fb_built=&#8220;1&#8243; fullwidth=&#8220;on&#8220; _builder_version=&#8220;4.25.2&#8243; _module_preset=&#8220;default&#8220; top_divider_style=&#8220;slant&#8220; top_divider_color=&#8220;#FFFFFF&#8220; top_divider_height=&#8220;134px&#8220; top_divider_flip=&#8220;horizontal&#8220; top_divider_color_tablet=&#8220;#FFFFFF&#8220; top_divider_color_phone=&#8220;#FFFFFF&#8220; top_divider_color_last_edited=&#8220;on|tablet&#8220; top_divider_height_tablet=&#8220;47px&#8220; top_divider_height_phone=&#8220;20px&#8220; top_divider_height_last_edited=&#8220;on|phone&#8220; bottom_divider_style=&#8220;slant&#8220; bottom_divider_color=&#8220;#282828&#8243; bottom_divider_height=&#8220;169px&#8220; bottom_divider_height_tablet=&#8220;56px&#8220; bottom_divider_height_phone=&#8220;10px&#8220; bottom_divider_height_last_edited=&#8220;on|tablet&#8220; global_colors_info=&#8220;{%22gcid-86a5dacb-2b2e-4ec1-acbd-c1052a46f4db%22:%91%22bottom_divider_color%22%93}&#8220;][et_pb_fullwidth_image src=&#8220;https:\/\/studienanfaenger-hagen.de\/wp-content\/uploads\/2024\/07\/21875900_xxl-scaled.jpg&#8220; title_text=&#8220;21875900_xxl&#8220; _builder_version=&#8220;4.27.0&#8243; _module_preset=&#8220;default&#8220; global_colors_info=&#8220;{}&#8220;][\/et_pb_fullwidth_image][\/et_pb_section][et_pb_section fb_built=&#8220;1&#8243; _builder_version=&#8220;4.25.1&#8243; _module_preset=&#8220;default&#8220; background_color=&#8220;gcid-d6d8f708-01b2-480b-88a9-d14e28ed0433&#8243; custom_padding=&#8220;30px||0px|||&#8220; global_colors_info=&#8220;{%22gcid-d6d8f708-01b2-480b-88a9-d14e28ed0433%22:%91%22background_color%22%93}&#8220;][et_pb_row custom_padding_last_edited=&#8220;on|phone&#8220; _builder_version=&#8220;4.25.2&#8243; _module_preset=&#8220;default&#8220; custom_padding=&#8220;|||36px|false|false&#8220; custom_padding_tablet=&#8220;|||36px|false|false&#8220; custom_padding_phone=&#8220;|||0px|false|false&#8220; global_colors_info=&#8220;{}&#8220;][et_pb_column type=&#8220;4_4&#8243; _builder_version=&#8220;4.23.1&#8243; _module_preset=&#8220;default&#8220; global_colors_info=&#8220;{}&#8220;][et_pb_text module_id=&#8220;anker1&#8243; _builder_version=&#8220;4.25.2&#8243; _module_preset=&#8220;default&#8220; text_font=&#8220;avantgarde||||||||&#8220; text_font_size=&#8220;18px&#8220; header_font=&#8220;Bebas Neue|||on|||||&#8220; header_font_size=&#8220;80px&#8220; custom_margin=&#8220;||-82px||false|false&#8220; custom_padding=&#8220;|||20px|false|false&#8220; header_font_size_tablet=&#8220;80px&#8220; header_font_size_phone=&#8220;50px&#8220; header_font_size_last_edited=&#8220;on|phone&#8220; global_colors_info=&#8220;{}&#8220;]<\/p>\n<div class=\"contact-title\">\n<h1 style=\"text-align: left;\">Kontakt<\/h1>\n<\/div>\n<p>[\/et_pb_text][\/et_pb_column][\/et_pb_row][et_pb_row custom_padding_last_edited=&#8220;on|phone&#8220; _builder_version=&#8220;4.25.2&#8243; _module_preset=&#8220;default&#8220; custom_padding=&#8220;||10px|60px|false|false&#8220; custom_padding_tablet=&#8220;||10px|60px|false|false&#8220; custom_padding_phone=&#8220;|||20px|false|false&#8220; global_colors_info=&#8220;{}&#8220;][et_pb_column type=&#8220;4_4&#8243; _builder_version=&#8220;4.25.1&#8243; _module_preset=&#8220;default&#8220; global_colors_info=&#8220;{}&#8220;][et_pb_text _builder_version=&#8220;4.25.1&#8243; _module_preset=&#8220;default&#8220; text_font=&#8220;|700|||||||&#8220; text_font_size=&#8220;16px&#8220; custom_padding=&#8220;30px|||||&#8220; global_colors_info=&#8220;{}&#8220;]<\/p>\n<p>Wir haben Dich neugierig gemacht?<br \/>Prima, dann freuen wir uns auf Deinen Besuch!\u00a0<\/p>\n<p>[\/et_pb_text][\/et_pb_column][\/et_pb_row][et_pb_row _builder_version=&#8220;4.25.2&#8243; _module_preset=&#8220;default&#8220; custom_padding=&#8220;5px||16px|||&#8220; global_colors_info=&#8220;{}&#8220;][et_pb_column type=&#8220;4_4&#8243; _builder_version=&#8220;4.25.1&#8243; _module_preset=&#8220;default&#8220; global_colors_info=&#8220;{}&#8220;][et_pb_text _builder_version=&#8220;4.25.2&#8243; _module_preset=&#8220;default&#8220; text_font=&#8220;|700|||||||&#8220; text_font_size=&#8220;16px&#8220; custom_padding=&#8220;|||60px|false|false&#8220; custom_padding_tablet=&#8220;|||60px|false|false&#8220; custom_padding_phone=&#8220;|||20px|false|false&#8220; custom_padding_last_edited=&#8220;on|phone&#8220; global_colors_info=&#8220;{}&#8220;]<\/p>\n<p>Oder schreibe uns eine kurze Mail f\u00fcr die direkte Kontaktaufnahme.<\/p>\n<p>[\/et_pb_text][\/et_pb_column][\/et_pb_row][et_pb_row column_structure=&#8220;3_5,2_5&#8243; _builder_version=&#8220;4.25.2&#8243; _module_preset=&#8220;default&#8220; width=&#8220;50%&#8220; width_tablet=&#8220;50%&#8220; width_phone=&#8220;70%&#8220; width_last_edited=&#8220;on|desktop&#8220; custom_margin=&#8220;1px|auto||auto||&#8220; global_colors_info=&#8220;{}&#8220;][et_pb_column type=&#8220;3_5&#8243; _builder_version=&#8220;4.21.0&#8243; _module_preset=&#8220;default&#8220; global_colors_info=&#8220;{}&#8220;][et_pb_contact_form captcha=&#8220;off&#8220; email=&#8220;info@saxonia-hagen.com, blumberg@multimedias.de&#8220; custom_message=&#8220;Nachricht vom studienanfaenger-hagen.de Kontaktformular:||et_pb_line_break_holder||||et_pb_line_break_holder||Name: %%Name%%||et_pb_line_break_holder||Telefon: %%Telefon%%||et_pb_line_break_holder||Email: %%email%%||et_pb_line_break_holder||||et_pb_line_break_holder||Nachricht: %%Nachricht%%&#8220; success_message=&#8220;Wir danken dir f\u00fcr dein Interesse. Wir werden deine Anfrage in K\u00fcrze beantworten.&#8220; _builder_version=&#8220;4.25.2&#8243; _module_preset=&#8220;default&#8220; _unique_id=&#8220;a6554788-80c3-4a81-9dfa-2520da7ecec2&#8243; global_colors_info=&#8220;{}&#8220;][et_pb_contact_field field_id=&#8220;Name&#8220; field_title=&#8220;Name*&#8220; fullwidth_field=&#8220;on&#8220; _builder_version=&#8220;4.25.1&#8243; global_colors_info=&#8220;{}&#8220; button_text_size__hover_enabled=&#8220;off&#8220; button_one_text_size__hover_enabled=&#8220;off&#8220; button_two_text_size__hover_enabled=&#8220;off&#8220; button_text_color__hover_enabled=&#8220;off&#8220; button_one_text_color__hover_enabled=&#8220;off&#8220; button_two_text_color__hover_enabled=&#8220;off&#8220; button_border_width__hover_enabled=&#8220;off&#8220; button_one_border_width__hover_enabled=&#8220;off&#8220; button_two_border_width__hover_enabled=&#8220;off&#8220; button_border_color__hover_enabled=&#8220;off&#8220; button_one_border_color__hover_enabled=&#8220;off&#8220; button_two_border_color__hover_enabled=&#8220;off&#8220; button_border_radius__hover_enabled=&#8220;off&#8220; button_one_border_radius__hover_enabled=&#8220;off&#8220; button_two_border_radius__hover_enabled=&#8220;off&#8220; button_letter_spacing__hover_enabled=&#8220;off&#8220; button_one_letter_spacing__hover_enabled=&#8220;off&#8220; button_two_letter_spacing__hover_enabled=&#8220;off&#8220; button_bg_color__hover_enabled=&#8220;off&#8220; button_one_bg_color__hover_enabled=&#8220;off&#8220; button_two_bg_color__hover_enabled=&#8220;off&#8220;][\/et_pb_contact_field][et_pb_contact_field field_id=&#8220;Telefon&#8220; field_title=&#8220;Telefon&#8220; required_mark=&#8220;off&#8220; fullwidth_field=&#8220;on&#8220; _builder_version=&#8220;4.25.1&#8243; _module_preset=&#8220;default&#8220; global_colors_info=&#8220;{}&#8220;][\/et_pb_contact_field][et_pb_contact_field field_id=&#8220;Email&#8220; field_title=&#8220;E-Mail-Adresse*&#8220; field_type=&#8220;email&#8220; fullwidth_field=&#8220;on&#8220; _builder_version=&#8220;4.25.1&#8243; global_colors_info=&#8220;{}&#8220; button_text_size__hover_enabled=&#8220;off&#8220; button_one_text_size__hover_enabled=&#8220;off&#8220; button_two_text_size__hover_enabled=&#8220;off&#8220; button_text_color__hover_enabled=&#8220;off&#8220; button_one_text_color__hover_enabled=&#8220;off&#8220; button_two_text_color__hover_enabled=&#8220;off&#8220; button_border_width__hover_enabled=&#8220;off&#8220; button_one_border_width__hover_enabled=&#8220;off&#8220; button_two_border_width__hover_enabled=&#8220;off&#8220; button_border_color__hover_enabled=&#8220;off&#8220; button_one_border_color__hover_enabled=&#8220;off&#8220; button_two_border_color__hover_enabled=&#8220;off&#8220; button_border_radius__hover_enabled=&#8220;off&#8220; button_one_border_radius__hover_enabled=&#8220;off&#8220; button_two_border_radius__hover_enabled=&#8220;off&#8220; button_letter_spacing__hover_enabled=&#8220;off&#8220; button_one_letter_spacing__hover_enabled=&#8220;off&#8220; button_two_letter_spacing__hover_enabled=&#8220;off&#8220; button_bg_color__hover_enabled=&#8220;off&#8220; button_one_bg_color__hover_enabled=&#8220;off&#8220; button_two_bg_color__hover_enabled=&#8220;off&#8220;][\/et_pb_contact_field][et_pb_contact_field field_id=&#8220;Nachricht&#8220; field_title=&#8220;Deine Nachricht*&#8220; field_type=&#8220;text&#8220; fullwidth_field=&#8220;on&#8220; _builder_version=&#8220;4.25.1&#8243; global_colors_info=&#8220;{}&#8220; button_text_size__hover_enabled=&#8220;off&#8220; button_one_text_size__hover_enabled=&#8220;off&#8220; button_two_text_size__hover_enabled=&#8220;off&#8220; button_text_color__hover_enabled=&#8220;off&#8220; button_one_text_color__hover_enabled=&#8220;off&#8220; button_two_text_color__hover_enabled=&#8220;off&#8220; button_border_width__hover_enabled=&#8220;off&#8220; button_one_border_width__hover_enabled=&#8220;off&#8220; button_two_border_width__hover_enabled=&#8220;off&#8220; button_border_color__hover_enabled=&#8220;off&#8220; button_one_border_color__hover_enabled=&#8220;off&#8220; button_two_border_color__hover_enabled=&#8220;off&#8220; button_border_radius__hover_enabled=&#8220;off&#8220; button_one_border_radius__hover_enabled=&#8220;off&#8220; button_two_border_radius__hover_enabled=&#8220;off&#8220; button_letter_spacing__hover_enabled=&#8220;off&#8220; button_one_letter_spacing__hover_enabled=&#8220;off&#8220; button_two_letter_spacing__hover_enabled=&#8220;off&#8220; button_bg_color__hover_enabled=&#8220;off&#8220; button_one_bg_color__hover_enabled=&#8220;off&#8220; button_two_bg_color__hover_enabled=&#8220;off&#8220;][\/et_pb_contact_field][\/et_pb_contact_form][\/et_pb_column][et_pb_column type=&#8220;2_5&#8243; _builder_version=&#8220;4.21.0&#8243; _module_preset=&#8220;default&#8220; global_colors_info=&#8220;{}&#8220;][\/et_pb_column][\/et_pb_row][\/et_pb_section]<\/p>\n","protected":false},"excerpt":{"rendered":"<p>Technische VerbindungSaxonia Hagen Seit 1910 aktiv an den Hochschulstandorten in Hagen und Umgebung eine farbentragende, nicht schlagende Studentenverbindung parteipolitisch neutral und konfessionell ungebunden ein Freundeskreis von Studenten und Absolventen verschiedenster Fachbereiche und Semester ein eingetragener Verein mit Mitgliedern aus allen Generationen, die vom Studium bis ins hohe Alter miteinander in Verbindung bleiben. Aktive sowie angehende [&hellip;]<\/p>\n","protected":false},"author":3,"featured_media":0,"parent":0,"menu_order":0,"comment_status":"closed","ping_status":"closed","template":"","meta":{"_et_pb_use_builder":"on","_et_pb_old_content":"","_et_gb_content_width":"","footnotes":""},"class_list":["post-14","page","type-page","status-publish","hentry"],"_links":{"self":[{"href":"https:\/\/studienanfaenger-hagen.de\/index.php?rest_route=\/wp\/v2\/pages\/14","targetHints":{"allow":["GET"]}}],"collection":[{"href":"https:\/\/studienanfaenger-hagen.de\/index.php?rest_route=\/wp\/v2\/pages"}],"about":[{"href":"https:\/\/studienanfaenger-hagen.de\/index.php?rest_route=\/wp\/v2\/types\/page"}],"author":[{"embeddable":true,"href":"https:\/\/studienanfaenger-hagen.de\/index.php?rest_route=\/wp\/v2\/users\/3"}],"replies":[{"embeddable":true,"href":"https:\/\/studienanfaenger-hagen.de\/index.php?rest_route=%2Fwp%2Fv2%2Fcomments&post=14"}],"version-history":[{"count":9,"href":"https:\/\/studienanfaenger-hagen.de\/index.php?rest_route=\/wp\/v2\/pages\/14\/revisions"}],"predecessor-version":[{"id":756,"href":"https:\/\/studienanfaenger-hagen.de\/index.php?rest_route=\/wp\/v2\/pages\/14\/revisions\/756"}],"wp:attachment":[{"href":"https:\/\/studienanfaenger-hagen.de\/index.php?rest_route=%2Fwp%2Fv2%2Fmedia&parent=14"}],"curies":[{"name":"wp","href":"https:\/\/api.w.org\/{rel}","templated":true}]}}